{"id":33,"date":"2018-09-27T09:15:33","date_gmt":"2018-09-27T09:15:33","guid":{"rendered":"http:\/\/theresaweidhas.de\/?page_id=33"},"modified":"2023-08-22T10:04:59","modified_gmt":"2023-08-22T08:04:59","slug":"schauspiel","status":"publish","type":"page","link":"https:\/\/theresaweidhas.de\/?page_id=33","title":{"rendered":"Theater"},"content":{"rendered":"\t\t<div data-elementor-type=\"wp-page\" data-elementor-id=\"33\" class=\"elementor elementor-33\">\n\t\t\t\t\t\t\t\t\t<section class=\"elementor-section elementor-top-section elementor-element elementor-element-5b58597 elementor-section-boxed elementor-section-height-default elementor-section-height-default\" data-id=\"5b58597\" data-element_type=\"section\">\n\t\t\t\t\t\t<div class=\"elementor-container elementor-column-gap-default\">\n\t\t\t\t\t<div class=\"elementor-column elementor-col-100 elementor-top-column elementor-element elementor-element-4f15e5a0\" data-id=\"4f15e5a0\" data-element_type=\"column\">\n\t\t\t<div class=\"elementor-widget-wrap elementor-element-populated\">\n\t\t\t\t\t\t\t\t<section class=\"elementor-section elementor-inner-section elementor-element elementor-element-95b615a elementor-section-boxed elementor-section-height-default elementor-section-height-default\" data-id=\"95b615a\" data-element_type=\"section\">\n\t\t\t\t\t\t<div class=\"elementor-container elementor-column-gap-default\">\n\t\t\t\t\t<div class=\"elementor-column elementor-col-50 elementor-inner-column elementor-element elementor-element-52c2aa8\" data-id=\"52c2aa8\" data-element_type=\"column\">\n\t\t\t<div class=\"elementor-widget-wrap elementor-element-populated\">\n\t\t\t\t\t\t\t\t<div class=\"elementor-element elementor-element-27b9645 elementor-widget elementor-widget-text-editor\" data-id=\"27b9645\" data-element_type=\"widget\" data-widget_type=\"text-editor.default\">\n\t\t\t\t<div class=\"elementor-widget-container\">\n\t\t\t\t\t\t\t<h2><strong>Theresa Weidhas und das Theater<\/strong><\/h2><p>Wie auch in anderen Bereichen des k\u00fcnstlerischen Lebens von Theresa Weidhas war der Weg ins Theater eher ungew\u00f6hnlich. Angefangen hat sie mit einer der gr\u00f6\u00dften Produktionen, in denen sie je mitwirken durfte: als Ensemble-Mitglied in der <strong>\u201eRocky Horror Show\u201c<\/strong> beim <a href=\"https:\/\/www.landestheater-oberpfalz.de\/person\/theresa-weidhas\/\"><strong>Landestheater Oberpfalz<\/strong><\/a>. Nachdem sie schnell Blut geleckt hatte, folgten zahlreiche weitere Schauspielauftritte und schlie\u00dflich auch Regie- oder Masken-Arbeiten. Ein weiteres wichtiges Standbein ist die <strong>Theaterp\u00e4dagogik <\/strong>geworden.<\/p>\t\t\t\t\t\t<\/div>\n\t\t\t\t<\/div>\n\t\t\t\t<div class=\"elementor-element elementor-element-62a244c elementor-hidden-desktop elementor-hidden-tablet elementor-widget elementor-widget-image\" data-id=\"62a244c\" data-element_type=\"widget\" data-widget_type=\"image.default\">\n\t\t\t\t<div class=\"elementor-widget-container\">\n\t\t\t\t\t\t\t\t\t\t\t\t\t\t\t<img decoding=\"async\" loading=\"lazy\" width=\"696\" height=\"928\" src=\"https:\/\/theresaweidhas.de\/wp-content\/uploads\/2023\/08\/P1155342-2-768x1024.png\" class=\"attachment-large size-large wp-image-532\" alt=\"\" srcset=\"https:\/\/theresaweidhas.de\/wp-content\/uploads\/2023\/08\/P1155342-2-768x1024.png 768w, https:\/\/theresaweidhas.de\/wp-content\/uploads\/2023\/08\/P1155342-2-225x300.png 225w, https:\/\/theresaweidhas.de\/wp-content\/uploads\/2023\/08\/P1155342-2-1152x1536.png 1152w, https:\/\/theresaweidhas.de\/wp-content\/uploads\/2023\/08\/P1155342-2-1536x2048.png 1536w\" sizes=\"(max-width: 696px) 100vw, 696px\" \/>\t\t\t\t\t\t\t\t\t\t\t\t\t\t\t<\/div>\n\t\t\t\t<\/div>\n\t\t\t\t\t<\/div>\n\t\t<\/div>\n\t\t\t\t<div class=\"elementor-column elementor-col-50 elementor-inner-column elementor-element elementor-element-0bf2c5e\" data-id=\"0bf2c5e\" data-element_type=\"column\">\n\t\t\t<div class=\"elementor-widget-wrap elementor-element-populated\">\n\t\t\t\t\t\t\t\t<div class=\"elementor-element elementor-element-8d9cdd4 elementor-absolute elementor-hidden-mobile elementor-widget elementor-widget-image\" data-id=\"8d9cdd4\" data-element_type=\"widget\" data-settings=\"{&quot;_position&quot;:&quot;absolute&quot;}\" data-widget_type=\"image.default\">\n\t\t\t\t<div class=\"elementor-widget-container\">\n\t\t\t\t\t\t\t\t\t\t\t\t\t\t\t<img decoding=\"async\" loading=\"lazy\" width=\"696\" height=\"928\" src=\"https:\/\/theresaweidhas.de\/wp-content\/uploads\/2023\/08\/P1155342-2-768x1024.png\" class=\"attachment-large size-large wp-image-532\" alt=\"\" srcset=\"https:\/\/theresaweidhas.de\/wp-content\/uploads\/2023\/08\/P1155342-2-768x1024.png 768w, https:\/\/theresaweidhas.de\/wp-content\/uploads\/2023\/08\/P1155342-2-225x300.png 225w, https:\/\/theresaweidhas.de\/wp-content\/uploads\/2023\/08\/P1155342-2-1152x1536.png 1152w, https:\/\/theresaweidhas.de\/wp-content\/uploads\/2023\/08\/P1155342-2-1536x2048.png 1536w\" sizes=\"(max-width: 696px) 100vw, 696px\" \/>\t\t\t\t\t\t\t\t\t\t\t\t\t\t\t<\/div>\n\t\t\t\t<\/div>\n\t\t\t\t\t<\/div>\n\t\t<\/div>\n\t\t\t\t\t\t\t<\/div>\n\t\t<\/section>\n\t\t\t\t<div class=\"elementor-element elementor-element-29113946 elementor-widget elementor-widget-text-editor\" data-id=\"29113946\" data-element_type=\"widget\" data-widget_type=\"text-editor.default\">\n\t\t\t\t<div class=\"elementor-widget-container\">\n\t\t\t\t\t\t\t<h3><strong>Schauspiel, Regie, Maske<\/strong><\/h3><p>Seit einigen Jahren steht Theresa Weidhas beim Landestheater Oberpfalz als Schauspielerin auf der B\u00fchne. Zu sehen war sie unter anderem in Produktionen f\u00fcr Kinder wie \u201ePinocchio\u201c, \u201eDes Kaisers neue Kleider\u201c, &#8222;Amadeus&#8220; oder \u201eDas wei\u00dfe R\u00f6ssl\u201c. Aber <strong>auch in klassischen St\u00fccken<\/strong> wie Shakespeares \u201eSommernachtstraum\u201c wirkte sie in wichtigen Rollen mit. Als Regie-Assistenz begleitete sie zahlreiche St\u00fccke des Landtheaters, unter anderem \u201eFisch zu viert\u201c oder \u201eMein Bruder, der R\u00e4uber Knei\u00dfl\u201c. Theresa bildete sich laufend fort, auch im Bereich der Maske. Seit einigen Jahren fungiert sie beim Landestheater Oberpfalz auch als Maskenbildnerin. 2017 (mit Wiederaufnahme im Jahr 2018) f\u00fchrte sie erstmals Regie (\u201eDie Wanze\u201c).<\/p><p>Neben dem Landestheater ist Theresa Weidhas auch beim <a href=\"https:\/\/ovigo-theater.de\/die-aktiven\/regie\/theresa-weidhas\/\"><strong>OVIGO Theater<\/strong><\/a> aktiv. Als Schauspielerin war sie unter anderem in Franz Kafkas \u201e<a href=\"https:\/\/ovigo-theater.de\/produktionen\/die-verwandlung\/\">Die Verwandlung<\/a>\u201c oder als <a href=\"https:\/\/ovigo-theater.de\/produktionen\/peter-pan\/\">Peter Pan<\/a> im gleichnamigen Musical zu sehen. Als Regisseurin fungierte sie bereits einige Male zuletzt bei dem Kindermusical &#8222;Emil und die Detektive und dem Gruselmusical &#8222;Der kleine Horrorladen.<\/p>\t\t\t\t\t\t<\/div>\n\t\t\t\t<\/div>\n\t\t\t\t<div class=\"elementor-element elementor-element-f077d8e elementor-widget elementor-widget-text-editor\" data-id=\"f077d8e\" data-element_type=\"widget\" data-widget_type=\"text-editor.default\">\n\t\t\t\t<div class=\"elementor-widget-container\">\n\t\t\t\t\t\t\t<h3><strong>Theaterp\u00e4dagogik<\/strong><\/h3><p>Es ist eine Kunst, auf der B\u00fchne zu stehen und in eine Rolle zu schl\u00fcpfen. Fast eine noch gr\u00f6\u00dfere Kunst ist es, anderen diese Fertigkeiten beizubringen. Theresa Weidhas ist beim Landestheater Oberpfalz und beim OVIGO Theater f\u00fcr den Bereich der Theaterp\u00e4dagogik zust\u00e4ndig. Auch andere Theatergruppen buchten Theresa bereits des \u00d6fteren, um sich in Workshops n\u00fctzliche praktische Tipps zu holen und in spielerischen \u00dcbungen die <strong>Basics der Theaterarbeit<\/strong> zu erlernen.<\/p><p>Theresa Weidhas bietet <strong>Kurse f\u00fcr Kinder<\/strong> ab 4 Jahren ab. Beim OVIGO Theater-Training kommen au\u00dferdem regelm\u00e4\u00dfig Jugendliche und Erwachsene jeden Alters. Die theaterverr\u00fcckte Weidnerin hat sich auf die Bereiche <strong>K\u00f6rperarbeit und Improvisation<\/strong> spezialisiert. Die Improgruppe des OVIGO Theaters stand unter ihrer Leitung auch bereits vor Publikum auf der B\u00fchne (z.B. \u00a0Schwarzachtalmesse in Neunburg vorm Wald).<\/p>\t\t\t\t\t\t<\/div>\n\t\t\t\t<\/div>\n\t\t\t\t<div class=\"elementor-element elementor-element-b94ffb8 elementor-widget elementor-widget-text-editor\" data-id=\"b94ffb8\" data-element_type=\"widget\" data-widget_type=\"text-editor.default\">\n\t\t\t\t<div class=\"elementor-widget-container\">\n\t\t\t\t\t\t\t<h3><strong>Theater-Workshop bei Theresa Weidhas buchen<\/strong><\/h3><p>Theresa Weidhas coacht Theatergruppen, die gerade ein neues St\u00fcck einstudieren. Ist Freiberuflich als Theaterp\u00e4dagogin buchbar. Sie veranstaltet allgemeine <strong>Theaterkurse f\u00fcr interessierte Vereine oder Firmenteams<\/strong>. Nicht nur Theatervereine sind angesprochen. Auch \u201efachfremde\u201c Gruppen zeigten sich von den \u00dcbungen stets sehr angetan, da es die Gemeinschaft nachhaltig st\u00e4rkt.<\/p><p>Ihr habt Interesse, einen Theaterkurs bei Theresa Weidhas zu buchen oder sie f\u00fcr einen Workshop anzufragen? Dann schreibt gerne eine Mail an: TheresaWeidhas@googlemail.com<\/p>\t\t\t\t\t\t<\/div>\n\t\t\t\t<\/div>\n\t\t\t\t<div class=\"elementor-element elementor-element-6472b40 elementor-widget elementor-widget-image\" data-id=\"6472b40\" data-element_type=\"widget\" data-widget_type=\"image.default\">\n\t\t\t\t<div class=\"elementor-widget-container\">\n\t\t\t\t\t\t\t\t\t\t\t\t\t\t\t<img decoding=\"async\" loading=\"lazy\" width=\"696\" height=\"522\" src=\"https:\/\/theresaweidhas.de\/wp-content\/uploads\/2023\/08\/Resi_Collage-1024x768.png\" class=\"attachment-large size-large wp-image-540\" alt=\"\" srcset=\"https:\/\/theresaweidhas.de\/wp-content\/uploads\/2023\/08\/Resi_Collage-1024x768.png 1024w, https:\/\/theresaweidhas.de\/wp-content\/uploads\/2023\/08\/Resi_Collage-300x225.png 300w, https:\/\/theresaweidhas.de\/wp-content\/uploads\/2023\/08\/Resi_Collage-768x576.png 768w, https:\/\/theresaweidhas.de\/wp-content\/uploads\/2023\/08\/Resi_Collage-1536x1152.png 1536w, https:\/\/theresaweidhas.de\/wp-content\/uploads\/2023\/08\/Resi_Collage.png 2000w\" sizes=\"(max-width: 696px) 100vw, 696px\" \/>\t\t\t\t\t\t\t\t\t\t\t\t\t\t\t<\/div>\n\t\t\t\t<\/div>\n\t\t\t\t\t<\/div>\n\t\t<\/div>\n\t\t\t\t\t\t\t<\/div>\n\t\t<\/section>\n\t\t\t\t\t\t\t<\/div>\n\t\t","protected":false},"excerpt":{"rendered":"<p>Theresa Weidhas und das Theater Wie auch in anderen Bereichen des k\u00fcnstlerischen Lebens von Theresa Weidhas war der Weg ins Theater eher ungew\u00f6hnlich. Angefangen hat sie mit einer der gr\u00f6\u00dften Produktionen, in denen sie je mitwirken durfte: als Ensemble-Mitglied in der \u201eRocky Horror Show\u201c beim Landestheater Oberpfalz. Nachdem sie schnell Blut geleckt hatte, folgten zahlreiche<\/p><\/div>\n<div class=\"blog-btn\"><a href=\"https:\/\/theresaweidhas.de\/?page_id=33\" class=\"home-blog-btn\">Weiterlesen<\/a><\/p>\n","protected":false},"author":1,"featured_media":0,"parent":0,"menu_order":0,"comment_status":"closed","ping_status":"closed","template":"","meta":{"footnotes":""},"_links":{"self":[{"href":"https:\/\/theresaweidhas.de\/index.php?rest_route=\/wp\/v2\/pages\/33"}],"collection":[{"href":"https:\/\/theresaweidhas.de\/index.php?rest_route=\/wp\/v2\/pages"}],"about":[{"href":"https:\/\/theresaweidhas.de\/index.php?rest_route=\/wp\/v2\/types\/page"}],"author":[{"embeddable":true,"href":"https:\/\/theresaweidhas.de\/index.php?rest_route=\/wp\/v2\/users\/1"}],"replies":[{"embeddable":true,"href":"https:\/\/theresaweidhas.de\/index.php?rest_route=%2Fwp%2Fv2%2Fcomments&post=33"}],"version-history":[{"count":18,"href":"https:\/\/theresaweidhas.de\/index.php?rest_route=\/wp\/v2\/pages\/33\/revisions"}],"predecessor-version":[{"id":607,"href":"https:\/\/theresaweidhas.de\/index.php?rest_route=\/wp\/v2\/pages\/33\/revisions\/607"}],"wp:attachment":[{"href":"https:\/\/theresaweidhas.de\/index.php?rest_route=%2Fwp%2Fv2%2Fmedia&parent=33"}],"curies":[{"name":"wp","href":"https:\/\/api.w.org\/{rel}","templated":true}]}}